{"id":19978,"date":"2022-03-29T16:36:12","date_gmt":"2022-03-29T14:36:12","guid":{"rendered":"https:\/\/sealtalpe.com\/?page_id=19978"},"modified":"2026-04-08T10:00:52","modified_gmt":"2026-04-08T08:00:52","slug":"recensioni","status":"publish","type":"page","link":"https:\/\/sealtalpe.com\/en\/recensioni\/","title":{"rendered":"Reviews"},"content":{"rendered":"<div data-elementor-type=\"wp-page\" data-elementor-id=\"19978\" class=\"elementor elementor-19978\" data-elementor-post-type=\"page\">\n\t\t\t\t<div class=\"elementor-element elementor-element-9d6220d e-flex e-con-boxed e-con e-parent\" data-id=\"9d6220d\" data-element_type=\"container\" data-e-type=\"container\" data-settings=\"{&quot;background_background&quot;:&quot;classic&quot;}\">\n\t\t\t\t\t<div class=\"e-con-inner\">\n\t\t<div class=\"elementor-element elementor-element-d0ca064 e-con-full e-flex e-con e-child\" data-id=\"d0ca064\" data-element_type=\"container\" data-e-type=\"container\">\n\t\t\t\t<div class=\"elementor-element elementor-element-9bf24ba animation_type_block sc_fly_static elementor-invisible elementor-widget elementor-widget-heading\" data-id=\"9bf24ba\" data-element_type=\"widget\" data-e-type=\"widget\" data-settings=\"{&quot;_animation&quot;:&quot;fadeIn&quot;}\" data-widget_type=\"heading.default\">\n\t\t\t\t<div class=\"elementor-widget-container\">\n\t\t\t\t\t<h1 class=\"elementor-heading-title elementor-size-default\">Reviews<\/h1>\t\t\t\t<\/div>\n\t\t\t\t<\/div>\n\t\t\t\t<div class=\"elementor-element elementor-element-73cef27 animation_type_block sc_fly_static elementor-invisible elementor-widget elementor-widget-text-editor\" data-id=\"73cef27\" data-element_type=\"widget\" data-e-type=\"widget\" data-settings=\"{&quot;_animation&quot;:&quot;fadeInLeft&quot;,&quot;_animation_delay&quot;:300}\" data-widget_type=\"text-editor.default\">\n\t\t\t\t<div class=\"elementor-widget-container\">\n\t\t\t\t\t\t\t\t\t<p><em>What our customers say about us<\/em><\/p>\t\t\t\t\t\t\t\t<\/div>\n\t\t\t\t<\/div>\n\t\t\t\t<\/div>\n\t\t\t\t\t<\/div>\n\t\t\t\t<\/div>\n\t\t\t\t<section class=\"elementor-section elementor-top-section elementor-element elementor-element-a766daa elementor-section-boxed elementor-section-height-default elementor-section-height-default sc_fly_static\" data-id=\"a766daa\" data-element_type=\"section\" data-e-type=\"section\" data-settings=\"{&quot;background_background&quot;:&quot;classic&quot;}\">\n\t\t\t\t\t\t<div class=\"elementor-container elementor-column-gap-extended\">\n\t\t\t\t\t<div class=\"elementor-column elementor-col-100 elementor-top-column elementor-element elementor-element-e7218ad sc_inner_width_none sc_content_align_inherit sc_layouts_column_icons_position_left sc_fly_static\" data-id=\"e7218ad\" data-element_type=\"column\" data-e-type=\"column\">\n\t\t\t<div class=\"elementor-widget-wrap elementor-element-populated\">\n\t\t\t\t\t\t<div class=\"elementor-element elementor-element-75779d6 sc_fly_static elementor-widget elementor-widget-trx_sc_testimonials\" data-id=\"75779d6\" data-element_type=\"widget\" data-e-type=\"widget\" data-widget_type=\"trx_sc_testimonials.default\">\n\t\t\t\t<div class=\"elementor-widget-container\">\n\t\t\t\t\t<div \t\tclass=\"sc_testimonials sc_testimonials_hover\"><div class=\"sc_testimonials_columns_wrap sc_item_columns trx_addons_columns_wrap columns_padding_bottom\"><div class=\"trx_addons_column-1_2\"><div data-post-id=\"21341\" class=\"sc_testimonials_item sc_item_container post_container\">\n\t<div class=\"sc_testimonials_item_content\">\n<p>Abbiamo chiamato la ditta SE.AL per la disinfestazione delle talpe nel giardino condominiale. L&#8217;intervento del sig. Zeni, il titolare, \u00e8 stato rapido, estremamente efficace, per nulla invasivo. Una persona cordiale, pratica, disponibile e molto professionale. Complimenti e grazie!<\/p>\n<\/div>\n\t<div class=\"sc_testimonials_item_author\">\n\t\t\t\t<div class=\"sc_testimonials_item_author_data\">\n\t\t\t<h4 class=\"sc_testimonials_item_author_title\">Diego Vencato<\/h4>\n\t\t\t<div class=\"sc_testimonials_item_author_subtitle\">Professionalit\u00e0, Puntualit\u00e0, Qualit\u00e0, Reattivit\u00e0<\/div><div class=\"sc_testimonials_item_author_rating\"><span class=\"sc_testimonials_rating\">\n\t\t\t<span class=\"sc_testimonials_rating_stars\">\n\t\t\t\t<span class=\"sc_testimonials_rating_stars_default\"><span class=\"sc_testimonials_rating_star trx_addons_icon-star\"><\/span><span class=\"sc_testimonials_rating_star trx_addons_icon-star\"><\/span><span class=\"sc_testimonials_rating_star trx_addons_icon-star\"><\/span><span class=\"sc_testimonials_rating_star trx_addons_icon-star\"><\/span><span class=\"sc_testimonials_rating_star trx_addons_icon-star\"><\/span><\/span><span class=\"sc_testimonials_rating_stars_hover\" style=\"width:100%;\"><span class=\"sc_testimonials_rating_star trx_addons_icon-star\"><\/span><span class=\"sc_testimonials_rating_star trx_addons_icon-star\"><\/span><span class=\"sc_testimonials_rating_star trx_addons_icon-star\"><\/span><span class=\"sc_testimonials_rating_star trx_addons_icon-star\"><\/span><span class=\"sc_testimonials_rating_star trx_addons_icon-star\"><\/span><\/span>\n\t\t\t<\/span>\n\t\t<\/span><\/div>\t\t<\/div>\n\t<\/div>\n<\/div>\n<\/div><div class=\"trx_addons_column-1_2\"><div data-post-id=\"21342\" class=\"sc_testimonials_item sc_item_container post_container\">\n\t<div class=\"sc_testimonials_item_content\">\n<p>Ottima azienda di produzione ed installazione trappole per catturare le talpe nei giardini privati e condominiali. Preventivi gratuiti, servizi in tutta Italia, isole comprese. Lavorazione senza metodi invasivi e senza stravolgere impianti di irrigazione. Esperienza trentennale. Massima garanzia.<\/p>\n<\/div>\n\t<div class=\"sc_testimonials_item_author\">\n\t\t\t\t<div class=\"sc_testimonials_item_author_data\">\n\t\t\t<h4 class=\"sc_testimonials_item_author_title\">Stefano De Maron<\/h4>\n\t\t\t<div class=\"sc_testimonials_item_author_rating\"><span class=\"sc_testimonials_rating\">\n\t\t\t<span class=\"sc_testimonials_rating_stars\">\n\t\t\t\t<span class=\"sc_testimonials_rating_stars_default\"><span class=\"sc_testimonials_rating_star trx_addons_icon-star\"><\/span><span class=\"sc_testimonials_rating_star trx_addons_icon-star\"><\/span><span class=\"sc_testimonials_rating_star trx_addons_icon-star\"><\/span><span class=\"sc_testimonials_rating_star trx_addons_icon-star\"><\/span><span class=\"sc_testimonials_rating_star trx_addons_icon-star\"><\/span><\/span><span class=\"sc_testimonials_rating_stars_hover\" style=\"width:100%;\"><span class=\"sc_testimonials_rating_star trx_addons_icon-star\"><\/span><span class=\"sc_testimonials_rating_star trx_addons_icon-star\"><\/span><span class=\"sc_testimonials_rating_star trx_addons_icon-star\"><\/span><span class=\"sc_testimonials_rating_star trx_addons_icon-star\"><\/span><span class=\"sc_testimonials_rating_star trx_addons_icon-star\"><\/span><\/span>\n\t\t\t<\/span>\n\t\t<\/span><\/div>\t\t<\/div>\n\t<\/div>\n<\/div>\n<\/div><div class=\"trx_addons_column-1_2\"><div data-post-id=\"21343\" class=\"sc_testimonials_item sc_item_container post_container\">\n\t<div class=\"sc_testimonials_item_content\">\n<p>Molto competente<\/p>\n<\/div>\n\t<div class=\"sc_testimonials_item_author\">\n\t\t\t\t<div class=\"sc_testimonials_item_author_data\">\n\t\t\t<h4 class=\"sc_testimonials_item_author_title\">Alessandro Bartoli<\/h4>\n\t\t\t<div class=\"sc_testimonials_item_author_rating\"><span class=\"sc_testimonials_rating\">\n\t\t\t<span class=\"sc_testimonials_rating_stars\">\n\t\t\t\t<span class=\"sc_testimonials_rating_stars_default\"><span class=\"sc_testimonials_rating_star trx_addons_icon-star\"><\/span><span class=\"sc_testimonials_rating_star trx_addons_icon-star\"><\/span><span class=\"sc_testimonials_rating_star trx_addons_icon-star\"><\/span><span class=\"sc_testimonials_rating_star trx_addons_icon-star\"><\/span><span class=\"sc_testimonials_rating_star trx_addons_icon-star\"><\/span><\/span><span class=\"sc_testimonials_rating_stars_hover\" style=\"width:100%;\"><span class=\"sc_testimonials_rating_star trx_addons_icon-star\"><\/span><span class=\"sc_testimonials_rating_star trx_addons_icon-star\"><\/span><span class=\"sc_testimonials_rating_star trx_addons_icon-star\"><\/span><span class=\"sc_testimonials_rating_star trx_addons_icon-star\"><\/span><span class=\"sc_testimonials_rating_star trx_addons_icon-star\"><\/span><\/span>\n\t\t\t<\/span>\n\t\t<\/span><\/div>\t\t<\/div>\n\t<\/div>\n<\/div>\n<\/div><div class=\"trx_addons_column-1_2\"><div data-post-id=\"21344\" class=\"sc_testimonials_item sc_item_container post_container\">\n\t<div class=\"sc_testimonials_item_content\">\n<p>Ottima persona e ottimo insegnante<\/p>\n<\/div>\n\t<div class=\"sc_testimonials_item_author\">\n\t\t\t\t<div class=\"sc_testimonials_item_author_data\">\n\t\t\t<h4 class=\"sc_testimonials_item_author_title\">Roberto Ferrari<\/h4>\n\t\t\t<div class=\"sc_testimonials_item_author_rating\"><span class=\"sc_testimonials_rating\">\n\t\t\t<span class=\"sc_testimonials_rating_stars\">\n\t\t\t\t<span class=\"sc_testimonials_rating_stars_default\"><span class=\"sc_testimonials_rating_star trx_addons_icon-star\"><\/span><span class=\"sc_testimonials_rating_star trx_addons_icon-star\"><\/span><span class=\"sc_testimonials_rating_star trx_addons_icon-star\"><\/span><span class=\"sc_testimonials_rating_star trx_addons_icon-star\"><\/span><span class=\"sc_testimonials_rating_star trx_addons_icon-star\"><\/span><\/span><span class=\"sc_testimonials_rating_stars_hover\" style=\"width:80%;\"><span class=\"sc_testimonials_rating_star trx_addons_icon-star\"><\/span><span class=\"sc_testimonials_rating_star trx_addons_icon-star\"><\/span><span class=\"sc_testimonials_rating_star trx_addons_icon-star\"><\/span><span class=\"sc_testimonials_rating_star trx_addons_icon-star\"><\/span><span class=\"sc_testimonials_rating_star trx_addons_icon-star\"><\/span><\/span>\n\t\t\t<\/span>\n\t\t<\/span><\/div>\t\t<\/div>\n\t<\/div>\n<\/div>\n<\/div><div class=\"trx_addons_column-1_2\"><div data-post-id=\"21345\" class=\"sc_testimonials_item sc_item_container post_container\">\n\t<div class=\"sc_testimonials_item_content\">\n<p>Assistenza Super!<\/p>\n<\/div>\n\t<div class=\"sc_testimonials_item_author\">\n\t\t\t\t<div class=\"sc_testimonials_item_author_data\">\n\t\t\t<h4 class=\"sc_testimonials_item_author_title\">Kiki Cas<\/h4>\n\t\t\t<div class=\"sc_testimonials_item_author_rating\"><span class=\"sc_testimonials_rating\">\n\t\t\t<span class=\"sc_testimonials_rating_stars\">\n\t\t\t\t<span class=\"sc_testimonials_rating_stars_default\"><span class=\"sc_testimonials_rating_star trx_addons_icon-star\"><\/span><span class=\"sc_testimonials_rating_star trx_addons_icon-star\"><\/span><span class=\"sc_testimonials_rating_star trx_addons_icon-star\"><\/span><span class=\"sc_testimonials_rating_star trx_addons_icon-star\"><\/span><span class=\"sc_testimonials_rating_star trx_addons_icon-star\"><\/span><\/span><span class=\"sc_testimonials_rating_stars_hover\" style=\"width:100%;\"><span class=\"sc_testimonials_rating_star trx_addons_icon-star\"><\/span><span class=\"sc_testimonials_rating_star trx_addons_icon-star\"><\/span><span class=\"sc_testimonials_rating_star trx_addons_icon-star\"><\/span><span class=\"sc_testimonials_rating_star trx_addons_icon-star\"><\/span><span class=\"sc_testimonials_rating_star trx_addons_icon-star\"><\/span><\/span>\n\t\t\t<\/span>\n\t\t<\/span><\/div>\t\t<\/div>\n\t<\/div>\n<\/div>\n<\/div><\/div><\/div><!-- \/.sc_testimonials -->\t\t\t\t<\/div>\n\t\t\t\t<\/div>\n\t\t\t\t\t<\/div>\n\t\t<\/div>\n\t\t\t\t\t<\/div>\n\t\t<\/section>\n\t\t\t\t<\/div>","protected":false},"excerpt":{"rendered":"<p>Recensioni Quello che i clienti dicono di noi Abbiamo chiamato la ditta SE.AL per la disinfestazione delle talpe nel giardino condominiale. L&#8217;intervento del sig. Zeni, il titolare, \u00e8 stato rapido,&hellip;<\/p>","protected":false},"author":1,"featured_media":0,"parent":0,"menu_order":0,"comment_status":"closed","ping_status":"closed","template":"elementor_theme","meta":{"_joinchat":[],"footnotes":""},"class_list":["post-19978","page","type-page","status-publish","hentry"],"yoast_head":"<!-- This site is optimized with the Yoast SEO plugin v27.3 - https:\/\/yoast.com\/product\/yoast-seo-wordpress\/ -->\n<title>Recensioni - SE.AL<\/title>\n<meta name=\"robots\" content=\"index, follow, max-snippet:-1, max-image-preview:large, max-video-preview:-1\" \/>\n<link rel=\"canonical\" href=\"https:\/\/sealtalpe.com\/en\/recensioni\/\" \/>\n<meta property=\"og:locale\" content=\"en_GB\" \/>\n<meta property=\"og:type\" content=\"article\" \/>\n<meta property=\"og:title\" content=\"Recensioni - SE.AL\" \/>\n<meta property=\"og:description\" content=\"Recensioni Quello che i clienti dicono di noi Abbiamo chiamato la ditta SE.AL per la disinfestazione delle talpe nel giardino condominiale. L&#8217;intervento del sig. Zeni, il titolare, \u00e8 stato rapido,&hellip;\" \/>\n<meta property=\"og:url\" content=\"https:\/\/sealtalpe.com\/en\/recensioni\/\" \/>\n<meta property=\"og:site_name\" content=\"SE.AL\" \/>\n<meta property=\"article:modified_time\" content=\"2026-04-08T08:00:52+00:00\" \/>\n<meta name=\"twitter:card\" content=\"summary_large_image\" \/>\n<meta name=\"twitter:label1\" content=\"Estimated reading time\" \/>\n\t<meta name=\"twitter:data1\" content=\"1 minute\" \/>\n<script type=\"application\/ld+json\" class=\"yoast-schema-graph\">{\"@context\":\"https:\\\/\\\/schema.org\",\"@graph\":[{\"@type\":\"WebPage\",\"@id\":\"https:\\\/\\\/sealtalpe.com\\\/recensioni\\\/\",\"url\":\"https:\\\/\\\/sealtalpe.com\\\/recensioni\\\/\",\"name\":\"Recensioni - SE.AL\",\"isPartOf\":{\"@id\":\"https:\\\/\\\/sealtalpe.com\\\/#website\"},\"datePublished\":\"2022-03-29T14:36:12+00:00\",\"dateModified\":\"2026-04-08T08:00:52+00:00\",\"breadcrumb\":{\"@id\":\"https:\\\/\\\/sealtalpe.com\\\/recensioni\\\/#breadcrumb\"},\"inLanguage\":\"en-GB\",\"potentialAction\":[{\"@type\":\"ReadAction\",\"target\":[\"https:\\\/\\\/sealtalpe.com\\\/recensioni\\\/\"]}]},{\"@type\":\"BreadcrumbList\",\"@id\":\"https:\\\/\\\/sealtalpe.com\\\/recensioni\\\/#breadcrumb\",\"itemListElement\":[{\"@type\":\"ListItem\",\"position\":1,\"name\":\"Home\",\"item\":\"https:\\\/\\\/sealtalpe.com\\\/\"},{\"@type\":\"ListItem\",\"position\":2,\"name\":\"Recensioni\"}]},{\"@type\":\"WebSite\",\"@id\":\"https:\\\/\\\/sealtalpe.com\\\/#website\",\"url\":\"https:\\\/\\\/sealtalpe.com\\\/\",\"name\":\"SE.AL\",\"description\":\"Disinfestazione talpe\",\"publisher\":{\"@id\":\"https:\\\/\\\/sealtalpe.com\\\/#organization\"},\"potentialAction\":[{\"@type\":\"SearchAction\",\"target\":{\"@type\":\"EntryPoint\",\"urlTemplate\":\"https:\\\/\\\/sealtalpe.com\\\/?s={search_term_string}\"},\"query-input\":{\"@type\":\"PropertyValueSpecification\",\"valueRequired\":true,\"valueName\":\"search_term_string\"}}],\"inLanguage\":\"en-GB\"},{\"@type\":\"Organization\",\"@id\":\"https:\\\/\\\/sealtalpe.com\\\/#organization\",\"name\":\"SEAL SNC\",\"url\":\"https:\\\/\\\/sealtalpe.com\\\/\",\"logo\":{\"@type\":\"ImageObject\",\"inLanguage\":\"en-GB\",\"@id\":\"https:\\\/\\\/sealtalpe.com\\\/#\\\/schema\\\/logo\\\/image\\\/\",\"url\":\"https:\\\/\\\/sealtalpe.com\\\/wp-content\\\/uploads\\\/2022\\\/03\\\/cropped-cropped-LOGO-SEAL-TALPE-bianco-2.png\",\"contentUrl\":\"https:\\\/\\\/sealtalpe.com\\\/wp-content\\\/uploads\\\/2022\\\/03\\\/cropped-cropped-LOGO-SEAL-TALPE-bianco-2.png\",\"width\":172,\"height\":49,\"caption\":\"SEAL SNC\"},\"image\":{\"@id\":\"https:\\\/\\\/sealtalpe.com\\\/#\\\/schema\\\/logo\\\/image\\\/\"}}]}<\/script>\n<!-- \/ Yoast SEO plugin. -->","yoast_head_json":{"title":"Recensioni - SE.AL","robots":{"index":"index","follow":"follow","max-snippet":"max-snippet:-1","max-image-preview":"max-image-preview:large","max-video-preview":"max-video-preview:-1"},"canonical":"https:\/\/sealtalpe.com\/en\/recensioni\/","og_locale":"en_GB","og_type":"article","og_title":"Recensioni - SE.AL","og_description":"Recensioni Quello che i clienti dicono di noi Abbiamo chiamato la ditta SE.AL per la disinfestazione delle talpe nel giardino condominiale. L&#8217;intervento del sig. Zeni, il titolare, \u00e8 stato rapido,&hellip;","og_url":"https:\/\/sealtalpe.com\/en\/recensioni\/","og_site_name":"SE.AL","article_modified_time":"2026-04-08T08:00:52+00:00","twitter_card":"summary_large_image","twitter_misc":{"Estimated reading time":"1 minute"},"schema":{"@context":"https:\/\/schema.org","@graph":[{"@type":"WebPage","@id":"https:\/\/sealtalpe.com\/recensioni\/","url":"https:\/\/sealtalpe.com\/recensioni\/","name":"Recensioni - SE.AL","isPartOf":{"@id":"https:\/\/sealtalpe.com\/#website"},"datePublished":"2022-03-29T14:36:12+00:00","dateModified":"2026-04-08T08:00:52+00:00","breadcrumb":{"@id":"https:\/\/sealtalpe.com\/recensioni\/#breadcrumb"},"inLanguage":"en-GB","potentialAction":[{"@type":"ReadAction","target":["https:\/\/sealtalpe.com\/recensioni\/"]}]},{"@type":"BreadcrumbList","@id":"https:\/\/sealtalpe.com\/recensioni\/#breadcrumb","itemListElement":[{"@type":"ListItem","position":1,"name":"Home","item":"https:\/\/sealtalpe.com\/"},{"@type":"ListItem","position":2,"name":"Recensioni"}]},{"@type":"WebSite","@id":"https:\/\/sealtalpe.com\/#website","url":"https:\/\/sealtalpe.com\/","name":"SE.AL","description":"Disinfestazione talpe","publisher":{"@id":"https:\/\/sealtalpe.com\/#organization"},"potentialAction":[{"@type":"SearchAction","target":{"@type":"EntryPoint","urlTemplate":"https:\/\/sealtalpe.com\/?s={search_term_string}"},"query-input":{"@type":"PropertyValueSpecification","valueRequired":true,"valueName":"search_term_string"}}],"inLanguage":"en-GB"},{"@type":"Organization","@id":"https:\/\/sealtalpe.com\/#organization","name":"SEAL SNC","url":"https:\/\/sealtalpe.com\/","logo":{"@type":"ImageObject","inLanguage":"en-GB","@id":"https:\/\/sealtalpe.com\/#\/schema\/logo\/image\/","url":"https:\/\/sealtalpe.com\/wp-content\/uploads\/2022\/03\/cropped-cropped-LOGO-SEAL-TALPE-bianco-2.png","contentUrl":"https:\/\/sealtalpe.com\/wp-content\/uploads\/2022\/03\/cropped-cropped-LOGO-SEAL-TALPE-bianco-2.png","width":172,"height":49,"caption":"SEAL SNC"},"image":{"@id":"https:\/\/sealtalpe.com\/#\/schema\/logo\/image\/"}}]}},"_links":{"self":[{"href":"https:\/\/sealtalpe.com\/en\/wp-json\/wp\/v2\/pages\/19978","targetHints":{"allow":["GET"]}}],"collection":[{"href":"https:\/\/sealtalpe.com\/en\/wp-json\/wp\/v2\/pages"}],"about":[{"href":"https:\/\/sealtalpe.com\/en\/wp-json\/wp\/v2\/types\/page"}],"author":[{"embeddable":true,"href":"https:\/\/sealtalpe.com\/en\/wp-json\/wp\/v2\/users\/1"}],"replies":[{"embeddable":true,"href":"https:\/\/sealtalpe.com\/en\/wp-json\/wp\/v2\/comments?post=19978"}],"version-history":[{"count":4,"href":"https:\/\/sealtalpe.com\/en\/wp-json\/wp\/v2\/pages\/19978\/revisions"}],"predecessor-version":[{"id":24126,"href":"https:\/\/sealtalpe.com\/en\/wp-json\/wp\/v2\/pages\/19978\/revisions\/24126"}],"wp:attachment":[{"href":"https:\/\/sealtalpe.com\/en\/wp-json\/wp\/v2\/media?parent=19978"}],"curies":[{"name":"wp","href":"https:\/\/api.w.org\/{rel}","templated":true}]}}